{"id":123,"date":"2019-04-08T08:53:21","date_gmt":"2019-04-08T11:53:21","guid":{"rendered":"http:\/\/site.merkava.com.br\/?page_id=123"},"modified":"2022-05-25T13:48:39","modified_gmt":"2022-05-25T16:48:39","slug":"despachante","status":"publish","type":"page","link":"https:\/\/site.merkava.com.br\/?page_id=123","title":{"rendered":"Despachante"},"content":{"rendered":"\t\t<div data-elementor-type=\"wp-page\" data-elementor-id=\"123\" class=\"elementor elementor-123\">\n\t\t\t\t\t\t<div class=\"elementor-inner\">\n\t\t\t\t<div class=\"elementor-section-wrap\">\n\t\t\t\t\t\t\t\t\t<section class=\"elementor-section elementor-top-section elementor-element elementor-element-4151938 elementor-section-content-middle elementor-section-boxed elementor-section-height-default elementor-section-height-default\" data-id=\"4151938\" data-element_type=\"section\" data-settings=\"{&quot;background_background&quot;:&quot;classic&quot;}\">\n\t\t\t\t\t\t<div class=\"elementor-container elementor-column-gap-no\">\n\t\t\t\t\t\t\t<div class=\"elementor-row\">\n\t\t\t\t\t<div class=\"aux-parallax-section elementor-column elementor-col-50 elementor-top-column elementor-element elementor-element-2913f28\" data-id=\"2913f28\" data-element_type=\"column\">\n\t\t\t<div class=\"elementor-column-wrap elementor-element-populated\">\n\t\t\t\t\t\t\t<div class=\"elementor-widget-wrap\">\n\t\t\t\t\t\t<div class=\"elementor-element elementor-element-788f462 elementor-hidden-phone aux-appear-watch-animation aux-fade-in-right elementor-widget elementor-widget-aux_image\" data-id=\"788f462\" data-element_type=\"widget\" data-widget_type=\"aux_image.default\">\n\t\t\t\t<div class=\"elementor-widget-container\">\n\t\t\t<section class=\"widget-container aux-widget-image aux-alignnone aux-parent-au7f574a9e\" style=\"\" >\n    <div class=\"aux-media-hint-frame \">\n        <div class=\"aux-media-image \" >\n        \n            \n\n            \n            <img loading=\"lazy\" width=\"477\" height=\"641\" src=\"https:\/\/site.merkava.com.br\/wp-content\/uploads\/2022\/05\/despachante_merkava.png\" class=\"aux-attachment aux-featured-image aux-attachment-id-190 aux-img-dynamic-dropshadow\" alt=\"despachante_merkava\" srcset=\"https:\/\/site.merkava.com.br\/wp-content\/uploads\/2022\/05\/despachante_merkava-150x202.png 150w,https:\/\/site.merkava.com.br\/wp-content\/uploads\/2022\/05\/despachante_merkava-300x403.png 300w,https:\/\/site.merkava.com.br\/wp-content\/uploads\/2022\/05\/despachante_merkava.png 477w\" data-ratio=\"0.74\" data-original-w=\"477\" sizes=\"(max-width:479px) 480px,(max-width:767px) 768px,(max-width:1023px) 1024px,477px\" \/>            \n                <\/div>\n    <\/div>\n\n<\/section><!-- widget-container -->\t\t<\/div>\n\t\t\t\t<\/div>\n\t\t\t\t<div class=\"elementor-element elementor-element-c007422 elementor-aspect-ratio-916 elementor-widget elementor-widget-video\" data-id=\"c007422\" data-element_type=\"widget\" data-settings=\"{&quot;youtube_url&quot;:&quot;https:\\\/\\\/youtu.be\\\/EVlx8oEZ3PE&quot;,&quot;autoplay&quot;:&quot;yes&quot;,&quot;aspect_ratio&quot;:&quot;916&quot;,&quot;loop&quot;:&quot;yes&quot;,&quot;video_type&quot;:&quot;youtube&quot;,&quot;controls&quot;:&quot;yes&quot;}\" data-widget_type=\"video.default\">\n\t\t\t\t<div class=\"elementor-widget-container\">\n\t\t\t\t\t<div class=\"elementor-wrapper elementor-fit-aspect-ratio elementor-open-inline\">\n\t\t\t<div class=\"elementor-video\"><\/div>\t\t<\/div>\n\t\t\t\t<\/div>\n\t\t\t\t<\/div>\n\t\t\t\t\t\t<\/div>\n\t\t\t\t\t<\/div>\n\t\t<\/div>\n\t\t\t\t<div class=\"aux-parallax-section elementor-column elementor-col-50 elementor-top-column elementor-element elementor-element-2e09756\" data-id=\"2e09756\" data-element_type=\"column\">\n\t\t\t<div class=\"elementor-column-wrap elementor-element-populated\">\n\t\t\t\t\t\t\t<div class=\"elementor-widget-wrap\">\n\t\t\t\t\t\t<div class=\"elementor-element elementor-element-093fc06 aux-appear-watch-animation aux-fade-in-up elementor-widget elementor-widget-aux_modern_heading\" data-id=\"093fc06\" data-element_type=\"widget\" data-widget_type=\"aux_modern_heading.default\">\n\t\t\t\t<div class=\"elementor-widget-container\">\n\t\t\t<section class=\"aux-widget-modern-heading\">\n            <div class=\"aux-widget-inner\"><p class=\"aux-modern-heading-primary\">Conhe\u00e7a<\/p><h5 class=\"aux-modern-heading-secondary\"><span class=\"aux-head-before\">Despachante<\/span><span class=\"aux-head-highlight\"> de<\/span><span class=\"aux-head-after\"> Armas<\/span><\/h5><\/div>\n        <\/section>\t\t<\/div>\n\t\t\t\t<\/div>\n\t\t\t\t<div class=\"elementor-element elementor-element-b004bda aux-appear-watch-animation aux-fade-in-up elementor-widget elementor-widget-text-editor\" data-id=\"b004bda\" data-element_type=\"widget\" data-widget_type=\"text-editor.default\">\n\t\t\t\t<div class=\"elementor-widget-container\">\n\t\t\t\t\t\t\t\t<div class=\"elementor-text-editor elementor-clearfix\">\n\t\t\t\t<p>Merkava Simplifica o processo para voc\u00ea!<\/p>\t\t\t\t\t<\/div>\n\t\t\t\t\t\t<\/div>\n\t\t\t\t<\/div>\n\t\t\t\t<div class=\"elementor-element elementor-element-4bb5357 elementor-widget-mobile__width-auto elementor-widget elementor-widget-aux_modern_button\" data-id=\"4bb5357\" data-element_type=\"widget\" data-widget_type=\"aux_modern_button.default\">\n\t\t\t\t<div class=\"elementor-widget-container\">\n\t\t\t    <div class=\"aux-modern-button-wrapper aux-modern-button-align-left\" >\n                    <a class=\"aux-modern-button aux-black aux-modern-button-md aux-modern-button-normal aux-modern-button-default aux-icon-\" href=\"https:\/\/api.whatsapp.com\/send?phone=554333381212&#038;text=Preciso%20do%20servi%C3%A7o%20de%20despachante%20do%20clube%20merkava%2C%20como%20proceder\">\n                <div class=\"aux-overlay\"><\/div>\n                                    <div class=\"aux-icon \">\n                                            <\/div>\n                                <div class=\"aux-text\">\n<span class=\"aux-text-before\">Quero falar com despachante<\/span>                <\/div>\n            <\/a>\n            \n    <\/div>\n\n    \t\t<\/div>\n\t\t\t\t<\/div>\n\t\t\t\t\t\t<\/div>\n\t\t\t\t\t<\/div>\n\t\t<\/div>\n\t\t\t\t\t\t\t\t<\/div>\n\t\t\t\t\t<\/div>\n\t\t<\/section>\n\t\t\t\t<section class=\"elementor-section elementor-top-section elementor-element elementor-element-48e62fa elementor-section-boxed elementor-section-height-default elementor-section-height-default\" data-id=\"48e62fa\" data-element_type=\"section\">\n\t\t\t\t\t\t<div class=\"elementor-container elementor-column-gap-no\">\n\t\t\t\t\t\t\t<div class=\"elementor-row\">\n\t\t\t\t\t<div class=\"aux-parallax-section elementor-column elementor-col-100 elementor-top-column elementor-element elementor-element-13a6ed4\" data-id=\"13a6ed4\" data-element_type=\"column\">\n\t\t\t<div class=\"elementor-column-wrap elementor-element-populated\">\n\t\t\t\t\t\t\t<div class=\"elementor-widget-wrap\">\n\t\t\t\t\t\t<div class=\"elementor-element elementor-element-b5b7b3a aux-appear-watch-animation aux-fade-in elementor-widget elementor-widget-aux_modern_heading\" data-id=\"b5b7b3a\" data-element_type=\"widget\" data-widget_type=\"aux_modern_heading.default\">\n\t\t\t\t<div class=\"elementor-widget-container\">\n\t\t\t<section class=\"aux-widget-modern-heading\">\n            <div class=\"aux-widget-inner\"><p class=\"aux-modern-heading-primary\">Servi\u00e7os <\/p><h5 class=\"aux-modern-heading-secondary\"><span class=\"aux-head-before\">Despachante<\/span><span class=\"aux-head-highlight\"> B\u00e9lico<\/span><\/h5><div class=\"aux-modern-heading-description\"><p>Clube Merkava simplifica os processos de documenta\u00e7\u00e3o para voc\u00ea!<\/p><\/div><\/div>\n        <\/section>\t\t<\/div>\n\t\t\t\t<\/div>\n\t\t\t\t<section class=\"elementor-section elementor-inner-section elementor-element elementor-element-d6771df elementor-section-boxed elementor-section-height-default elementor-section-height-default\" data-id=\"d6771df\" data-element_type=\"section\">\n\t\t\t\t\t\t<div class=\"elementor-container elementor-column-gap-default\">\n\t\t\t\t\t\t\t<div class=\"elementor-row\">\n\t\t\t\t\t<div class=\"aux-parallax-section elementor-column elementor-col-50 elementor-inner-column elementor-element elementor-element-2016f1a aux-appear-watch-animation aux-fade-in-left-1\" data-id=\"2016f1a\" data-element_type=\"column\" data-settings=\"{&quot;background_background&quot;:&quot;classic&quot;}\">\n\t\t\t<div class=\"elementor-column-wrap elementor-element-populated\">\n\t\t\t\t\t\t\t<div class=\"elementor-widget-wrap\">\n\t\t\t\t\t\t<div class=\"elementor-element elementor-element-457b082 elementor-position-left elementor-vertical-align-bottom elementor-widget elementor-widget-image-box\" data-id=\"457b082\" data-element_type=\"widget\" data-widget_type=\"image-box.default\">\n\t\t\t\t<div class=\"elementor-widget-container\">\n\t\t\t<div class=\"elementor-image-box-wrapper\"><figure class=\"elementor-image-box-img\"><img width=\"290\" height=\"174\" src=\"https:\/\/site.merkava.com.br\/wp-content\/uploads\/2022\/05\/images.png\" class=\"attachment-full size-full\" alt=\"\" loading=\"lazy\" \/><\/figure><div class=\"elementor-image-box-content\"><h5 class=\"elementor-image-box-title\">Concess\u00e3o de Certificado de Registro - CR<\/h5><p class=\"elementor-image-box-description\">Assessoria Documental<br>\nCertid\u00f5es<br>\nGuia de Recolhimento (taxas)<\/p><\/div><\/div>\t\t<\/div>\n\t\t\t\t<\/div>\n\t\t\t\t\t\t<\/div>\n\t\t\t\t\t<\/div>\n\t\t<\/div>\n\t\t\t\t<div class=\"aux-parallax-section elementor-column elementor-col-50 elementor-inner-column elementor-element elementor-element-91908be aux-appear-watch-animation aux-fade-in-left-1\" data-id=\"91908be\" data-element_type=\"column\" data-settings=\"{&quot;background_background&quot;:&quot;classic&quot;}\">\n\t\t\t<div class=\"elementor-column-wrap elementor-element-populated\">\n\t\t\t\t\t\t\t<div class=\"elementor-widget-wrap\">\n\t\t\t\t\t\t<div class=\"elementor-element elementor-element-07fae3f elementor-position-left elementor-vertical-align-bottom elementor-widget elementor-widget-image-box\" data-id=\"07fae3f\" data-element_type=\"widget\" data-widget_type=\"image-box.default\">\n\t\t\t\t<div class=\"elementor-widget-container\">\n\t\t\t<div class=\"elementor-image-box-wrapper\"><figure class=\"elementor-image-box-img\"><img width=\"1024\" height=\"1024\" src=\"https:\/\/site.merkava.com.br\/wp-content\/uploads\/2022\/05\/istockphoto-1299943842-1024x1024-1.jpg\" class=\"attachment-full size-full\" alt=\"\" loading=\"lazy\" srcset=\"https:\/\/site.merkava.com.br\/wp-content\/uploads\/2022\/05\/istockphoto-1299943842-1024x1024-1.jpg 1024w, https:\/\/site.merkava.com.br\/wp-content\/uploads\/2022\/05\/istockphoto-1299943842-1024x1024-1-300x300.jpg 300w, https:\/\/site.merkava.com.br\/wp-content\/uploads\/2022\/05\/istockphoto-1299943842-1024x1024-1-150x150.jpg 150w, https:\/\/site.merkava.com.br\/wp-content\/uploads\/2022\/05\/istockphoto-1299943842-1024x1024-1-768x768.jpg 768w\" \/><\/figure><div class=\"elementor-image-box-content\"><h5 class=\"elementor-image-box-title\">Aquisi\u00e7\u00e3o de arma de fogo - SIGMA<\/h5><p class=\"elementor-image-box-description\">Assessoria Documental,\n Certid\u00f5es, Guia de Recolhimento,\n Taxas Cartoriais<\/p><\/div><\/div>\t\t<\/div>\n\t\t\t\t<\/div>\n\t\t\t\t\t\t<\/div>\n\t\t\t\t\t<\/div>\n\t\t<\/div>\n\t\t\t\t\t\t\t\t<\/div>\n\t\t\t\t\t<\/div>\n\t\t<\/section>\n\t\t\t\t<section class=\"elementor-section elementor-inner-section elementor-element elementor-element-4c33d9b elementor-section-boxed elementor-section-height-default elementor-section-height-default\" data-id=\"4c33d9b\" data-element_type=\"section\">\n\t\t\t\t\t\t<div class=\"elementor-container elementor-column-gap-default\">\n\t\t\t\t\t\t\t<div class=\"elementor-row\">\n\t\t\t\t\t<div class=\"aux-parallax-section elementor-column elementor-col-50 elementor-inner-column elementor-element elementor-element-a5bdc6d aux-appear-watch-animation aux-fade-in-left-1\" data-id=\"a5bdc6d\" data-element_type=\"column\" data-settings=\"{&quot;background_background&quot;:&quot;classic&quot;}\">\n\t\t\t<div class=\"elementor-column-wrap elementor-element-populated\">\n\t\t\t\t\t\t\t<div class=\"elementor-widget-wrap\">\n\t\t\t\t\t\t<div class=\"elementor-element elementor-element-0bb3b7c elementor-position-left elementor-vertical-align-bottom elementor-widget elementor-widget-image-box\" data-id=\"0bb3b7c\" data-element_type=\"widget\" data-widget_type=\"image-box.default\">\n\t\t\t\t<div class=\"elementor-widget-container\">\n\t\t\t<div class=\"elementor-image-box-wrapper\"><figure class=\"elementor-image-box-img\"><img width=\"225\" height=\"225\" src=\"https:\/\/site.merkava.com.br\/wp-content\/uploads\/2022\/05\/transferir.png\" class=\"attachment-full size-full\" alt=\"\" loading=\"lazy\" srcset=\"https:\/\/site.merkava.com.br\/wp-content\/uploads\/2022\/05\/transferir.png 225w, https:\/\/site.merkava.com.br\/wp-content\/uploads\/2022\/05\/transferir-150x150.png 150w\" \/><\/figure><div class=\"elementor-image-box-content\"><h5 class=\"elementor-image-box-title\">Transferencia de arma de fogo - SIGMA<\/h5><p class=\"elementor-image-box-description\">Assessoria Documental,\nGuia de Recolhimento (taxas), Guia de Transito inclusa<\/p><\/div><\/div>\t\t<\/div>\n\t\t\t\t<\/div>\n\t\t\t\t\t\t<\/div>\n\t\t\t\t\t<\/div>\n\t\t<\/div>\n\t\t\t\t<div class=\"aux-parallax-section elementor-column elementor-col-50 elementor-inner-column elementor-element elementor-element-f7a7377 aux-appear-watch-animation aux-fade-in-left-1\" data-id=\"f7a7377\" data-element_type=\"column\" data-settings=\"{&quot;background_background&quot;:&quot;classic&quot;}\">\n\t\t\t<div class=\"elementor-column-wrap elementor-element-populated\">\n\t\t\t\t\t\t\t<div class=\"elementor-widget-wrap\">\n\t\t\t\t\t\t<div class=\"elementor-element elementor-element-065cd2a elementor-position-left elementor-vertical-align-bottom elementor-widget elementor-widget-image-box\" data-id=\"065cd2a\" data-element_type=\"widget\" data-widget_type=\"image-box.default\">\n\t\t\t\t<div class=\"elementor-widget-container\">\n\t\t\t<div class=\"elementor-image-box-wrapper\"><figure class=\"elementor-image-box-img\"><img width=\"288\" height=\"288\" src=\"https:\/\/site.merkava.com.br\/wp-content\/uploads\/2022\/05\/TIFIDA_DOC_I_SMALL_ICON.png\" class=\"attachment-full size-full\" alt=\"\" loading=\"lazy\" srcset=\"https:\/\/site.merkava.com.br\/wp-content\/uploads\/2022\/05\/TIFIDA_DOC_I_SMALL_ICON.png 288w, https:\/\/site.merkava.com.br\/wp-content\/uploads\/2022\/05\/TIFIDA_DOC_I_SMALL_ICON-150x150.png 150w\" \/><\/figure><div class=\"elementor-image-box-content\"><h5 class=\"elementor-image-box-title\">Emiss\u00e3o de Guia de transito <\/h5><p class=\"elementor-image-box-description\">Assessoria Documental,  Guia de Recolhimento (taxas)<\/p><\/div><\/div>\t\t<\/div>\n\t\t\t\t<\/div>\n\t\t\t\t\t\t<\/div>\n\t\t\t\t\t<\/div>\n\t\t<\/div>\n\t\t\t\t\t\t\t\t<\/div>\n\t\t\t\t\t<\/div>\n\t\t<\/section>\n\t\t\t\t<section class=\"elementor-section elementor-inner-section elementor-element elementor-element-f71033e elementor-section-boxed elementor-section-height-default elementor-section-height-default\" data-id=\"f71033e\" data-element_type=\"section\">\n\t\t\t\t\t\t<div class=\"elementor-container elementor-column-gap-default\">\n\t\t\t\t\t\t\t<div class=\"elementor-row\">\n\t\t\t\t\t<div class=\"aux-parallax-section elementor-column elementor-col-50 elementor-inner-column elementor-element elementor-element-1993702 aux-appear-watch-animation aux-fade-in-left-1\" data-id=\"1993702\" data-element_type=\"column\" data-settings=\"{&quot;background_background&quot;:&quot;classic&quot;}\">\n\t\t\t<div class=\"elementor-column-wrap elementor-element-populated\">\n\t\t\t\t\t\t\t<div class=\"elementor-widget-wrap\">\n\t\t\t\t\t\t<div class=\"elementor-element elementor-element-2e6e198 elementor-position-left elementor-vertical-align-bottom elementor-widget elementor-widget-image-box\" data-id=\"2e6e198\" data-element_type=\"widget\" data-widget_type=\"image-box.default\">\n\t\t\t\t<div class=\"elementor-widget-container\">\n\t\t\t<div class=\"elementor-image-box-wrapper\"><figure class=\"elementor-image-box-img\"><img width=\"512\" height=\"512\" src=\"https:\/\/site.merkava.com.br\/wp-content\/uploads\/2022\/05\/31657.png\" class=\"attachment-full size-full\" alt=\"\" loading=\"lazy\" srcset=\"https:\/\/site.merkava.com.br\/wp-content\/uploads\/2022\/05\/31657.png 512w, https:\/\/site.merkava.com.br\/wp-content\/uploads\/2022\/05\/31657-300x300.png 300w, https:\/\/site.merkava.com.br\/wp-content\/uploads\/2022\/05\/31657-150x150.png 150w\" \/><\/figure><div class=\"elementor-image-box-content\"><h5 class=\"elementor-image-box-title\">Transferencia de arma de fogo - (SINARM)<\/h5><p class=\"elementor-image-box-description\"> Assessoria Documental, Certid\u00f5es, Guia de Recolhimento (taxas), Taxas Cartoriais\u200b<\/p><\/div><\/div>\t\t<\/div>\n\t\t\t\t<\/div>\n\t\t\t\t\t\t<\/div>\n\t\t\t\t\t<\/div>\n\t\t<\/div>\n\t\t\t\t<div class=\"aux-parallax-section elementor-column elementor-col-50 elementor-inner-column elementor-element elementor-element-7d69a69 aux-appear-watch-animation aux-fade-in-left-1\" data-id=\"7d69a69\" data-element_type=\"column\" data-settings=\"{&quot;background_background&quot;:&quot;classic&quot;}\">\n\t\t\t<div class=\"elementor-column-wrap elementor-element-populated\">\n\t\t\t\t\t\t\t<div class=\"elementor-widget-wrap\">\n\t\t\t\t\t\t<div class=\"elementor-element elementor-element-924f398 elementor-position-left elementor-vertical-align-bottom elementor-widget elementor-widget-image-box\" data-id=\"924f398\" data-element_type=\"widget\" data-widget_type=\"image-box.default\">\n\t\t\t\t<div class=\"elementor-widget-container\">\n\t\t\t<div class=\"elementor-image-box-wrapper\"><figure class=\"elementor-image-box-img\"><img width=\"1024\" height=\"1024\" src=\"https:\/\/site.merkava.com.br\/wp-content\/uploads\/2022\/05\/istockphoto-1299943842-1024x1024-1.jpg\" class=\"attachment-full size-full\" alt=\"\" loading=\"lazy\" srcset=\"https:\/\/site.merkava.com.br\/wp-content\/uploads\/2022\/05\/istockphoto-1299943842-1024x1024-1.jpg 1024w, https:\/\/site.merkava.com.br\/wp-content\/uploads\/2022\/05\/istockphoto-1299943842-1024x1024-1-300x300.jpg 300w, https:\/\/site.merkava.com.br\/wp-content\/uploads\/2022\/05\/istockphoto-1299943842-1024x1024-1-150x150.jpg 150w, https:\/\/site.merkava.com.br\/wp-content\/uploads\/2022\/05\/istockphoto-1299943842-1024x1024-1-768x768.jpg 768w\" \/><\/figure><div class=\"elementor-image-box-content\"><h5 class=\"elementor-image-box-title\">Aquisi\u00e7\u00e3o \/ Renova\u00e7\u00e3o de arma de fogo - (SINARM)<\/h5><p class=\"elementor-image-box-description\">Assessoria Documental,  Certid\u00f5es,  Guia de Recolhimento (taxas),\n Taxas Cartoriais\u200b\n<\/p><\/div><\/div>\t\t<\/div>\n\t\t\t\t<\/div>\n\t\t\t\t\t\t<\/div>\n\t\t\t\t\t<\/div>\n\t\t<\/div>\n\t\t\t\t\t\t\t\t<\/div>\n\t\t\t\t\t<\/div>\n\t\t<\/section>\n\t\t\t\t\t\t<\/div>\n\t\t\t\t\t<\/div>\n\t\t<\/div>\n\t\t\t\t\t\t\t\t<\/div>\n\t\t\t\t\t<\/div>\n\t\t<\/section>\n\t\t\t\t\t\t\t\t\t<\/div>\n\t\t\t<\/div>\n\t\t\t\t\t<\/div>\n\t\t","protected":false},"excerpt":{"rendered":"<p>Conhe\u00e7a Despachante de Armas Merkava Simplifica o processo para voc\u00ea! Quero falar com despachante Servi\u00e7os Despachante B\u00e9lico Clube Merkava simplifica os processos de documenta\u00e7\u00e3o para voc\u00ea! Concess\u00e3o de Certificado de Registro &#8211; CR Assessoria Documental Certid\u00f5es Guia de Recolhimento (taxas) Aquisi\u00e7\u00e3o de arma de fogo &#8211; SIGMA Assessoria Documental, Certid\u00f5es, Guia de Recolhimento, Taxas Cartoriais [&hellip;]<\/p>\n","protected":false},"author":1,"featured_media":0,"parent":0,"menu_order":0,"comment_status":"closed","ping_status":"closed","template":"templates\/page-builder-content.php","meta":{"om_disable_all_campaigns":false,"_monsterinsights_skip_tracking":false,"_monsterinsights_sitenote_active":false,"_monsterinsights_sitenote_note":"","_monsterinsights_sitenote_category":0},"_links":{"self":[{"href":"https:\/\/site.merkava.com.br\/index.php?rest_route=\/wp\/v2\/pages\/123"}],"collection":[{"href":"https:\/\/site.merkava.com.br\/index.php?rest_route=\/wp\/v2\/pages"}],"about":[{"href":"https:\/\/site.merkava.com.br\/index.php?rest_route=\/wp\/v2\/types\/page"}],"author":[{"embeddable":true,"href":"https:\/\/site.merkava.com.br\/index.php?rest_route=\/wp\/v2\/users\/1"}],"replies":[{"embeddable":true,"href":"https:\/\/site.merkava.com.br\/index.php?rest_route=%2Fwp%2Fv2%2Fcomments&post=123"}],"version-history":[{"count":31,"href":"https:\/\/site.merkava.com.br\/index.php?rest_route=\/wp\/v2\/pages\/123\/revisions"}],"predecessor-version":[{"id":385,"href":"https:\/\/site.merkava.com.br\/index.php?rest_route=\/wp\/v2\/pages\/123\/revisions\/385"}],"wp:attachment":[{"href":"https:\/\/site.merkava.com.br\/index.php?rest_route=%2Fwp%2Fv2%2Fmedia&parent=123"}],"curies":[{"name":"wp","href":"https:\/\/api.w.org\/{rel}","templated":true}]}}